{"id":1551,"date":"2016-03-05T17:40:49","date_gmt":"2016-03-05T17:40:49","guid":{"rendered":"http:\/\/www.optlink.net\/?page_id=1551&#038;lang=de"},"modified":"2018-04-24T20:11:14","modified_gmt":"2018-04-24T20:11:14","slug":"kontakt","status":"publish","type":"page","link":"https:\/\/www.optlink.net\/de\/kontakt\/","title":{"rendered":"Kontakt"},"content":{"rendered":"<section class=\"section section-padded \"><div class=\"container-fluid\"><div class=\"section-header\"><h1>M\u00f6chten <span class=\"light\">Sie sprechen?<\/span><\/h1><\/div><div class=\"row-fluid\">\n<p class=\"lead text-center\">Haben Sie Interesse an der Zusammenarbeit mit uns? M\u00f6chten Sie \u00fcber das Projekt zu treffen und zu sprechen? Haben Sie eine Idee, die eine schnelle und professionelle Umsetzung erfordert? Rufen Sie uns an. Wir helfen Ihnen, die beste L\u00f6sung f\u00fcr Ihre Bed\u00fcrfnisse.<\/p><\/div><\/div><\/section>\n<section class=\"section section-padded \"><div class=\"container-fluid\"><div class=\"row-fluid\"><div class=\"span6\"><div role=\"form\" class=\"wpcf7\" id=\"wpcf7-f1564-o1\" lang=\"en-US\" dir=\"ltr\">\n<div class=\"screen-reader-response\"><p role=\"status\" aria-live=\"polite\" aria-atomic=\"true\"><\/p> <ul><\/ul><\/div>\n<form action=\"\/de\/wp-json\/wp\/v2\/pages\/1551#wpcf7-f1564-o1\" method=\"post\" class=\"wpcf7-form init\" novalidate=\"novalidate\" data-status=\"init\">\n<div style=\"display: none;\">\n<input type=\"hidden\" name=\"_wpcf7\" value=\"1564\" \/>\n<input type=\"hidden\" name=\"_wpcf7_version\" value=\"5.5.4\" \/>\n<input type=\"hidden\" name=\"_wpcf7_locale\" value=\"en_US\" \/>\n<input type=\"hidden\" name=\"_wpcf7_unit_tag\" value=\"wpcf7-f1564-o1\" \/>\n<input type=\"hidden\" name=\"_wpcf7_container_post\" value=\"0\" \/>\n<input type=\"hidden\" name=\"_wpcf7_posted_data_hash\" value=\"\" \/>\n<input type=\"hidden\" name=\"_wpcf7_recaptcha_response\" value=\"\" \/>\n<\/div>\n<div class=\"row-fluid\">\n<div class=\"contact-form span12\" id=\"contactForm\" novalidate=\"\">\n<div class=\"controls controls-row\">\n<div class=\"control-group span6\">\n                <span class=\"wpcf7-form-control-wrap your-name\"><input type=\"text\" name=\"your-name\" value=\"\" size=\"40\" class=\"wpcf7-form-control wpcf7-text span12\" aria-invalid=\"false\" placeholder=\"your name\" \/><\/span>\n            <\/div>\n<div class=\"control-group span6\">\n               <span class=\"wpcf7-form-control-wrap your-email\"><input type=\"email\" name=\"your-email\" value=\"\" size=\"40\" class=\"wpcf7-form-control wpcf7-text wpcf7-email wpcf7-validates-as-required wpcf7-validates-as-email span12\" aria-required=\"true\" aria-invalid=\"false\" placeholder=\"your email\" \/><\/span>\n            <\/div>\n<\/div>\n<div class=\"controls controls-row\">\n<div class=\"control-group span12\">\n                <span class=\"wpcf7-form-control-wrap your-subject\"><input type=\"text\" name=\"your-subject\" value=\"\" size=\"40\" class=\"wpcf7-form-control wpcf7-text span12\" aria-invalid=\"false\" placeholder=\"subject\" \/><\/span>\n            <\/div>\n<\/div>\n<div class=\"controls controls-row\">\n<div class=\"control-group span12\">\n                <span class=\"wpcf7-form-control-wrap your-message\"><textarea name=\"your-message\" cols=\"40\" rows=\"5\" class=\"wpcf7-form-control wpcf7-textarea wpcf7-validates-as-required span12\" aria-required=\"true\" aria-invalid=\"false\" placeholder=\"I want to talk about.....\"><\/textarea><\/span>\n            <\/div>\n<\/div>\n<div class=\"controls controls-row\">\n<div class=\"control-group span12\">\n<p>                <input type=\"submit\" value=\"Send Message\" class=\"wpcf7-form-control has-spinner wpcf7-submit btn btn-primary\" \/>\n            <\/p><\/div>\n<\/div>\n<div class=\"wpcf7-response-output\" aria-hidden=\"true\"><\/div>\n\n<\/div>\n<\/div>\n<\/form><\/div><\/div><div class=\"span6\">\n<div class=\"contact-details\">\n<ul class=\"icons\">\n<li>\n<!--\n\n<h4><i class=\"icon-map-marker\"><\/i>Address<\/h4>\n\n-->\n<\/li>\n<li>\n<h4><i class=\"icon-phone\"><\/i>Kontaktdetails<\/h4>\n<p>Phone: +49 1515 133 6012<br \/>\nEmail: info@optlink.de<\/li>\n<\/ul>\n<\/div>\n<\/div><\/div><\/div><\/section><section class=\"section section-padded section-alt \"><div class=\"container-fluid\"><div class=\"section-header\"><h1>Want  <span class=\"light\">a quote?<\/span><\/h1><\/div><div class=\"row-fluid\"><p class=\"lead text-center\">\n<p>Ein Angebot f\u00fcr Ihr neues Projekt f\u00fcr ein Produkt? Schreib uns. Wir bieten Ihnen f\u00fcr Ihr Projekt zu analysieren, und schlagen vor, die am besten geeignet L\u00f6sung auf dem Markt.<\/p>\n<\/p><p class=\"lead text-center\"><a href=\"\" class=\"btn btn-primary btn-large \" target=\"_self\"><i class=\"icon-heart\"><\/i> I want a quote<\/a><\/p><\/div><\/div><\/section>\n","protected":false},"excerpt":{"rendered":"","protected":false},"author":2,"featured_media":0,"parent":0,"menu_order":0,"comment_status":"open","ping_status":"closed","template":"template-full-nopad.php","meta":{"footnotes":""},"class_list":["post-1551","page","type-page","status-publish","hentry"],"_links":{"self":[{"href":"https:\/\/www.optlink.net\/de\/wp-json\/wp\/v2\/pages\/1551","targetHints":{"allow":["GET"]}}],"collection":[{"href":"https:\/\/www.optlink.net\/de\/wp-json\/wp\/v2\/pages"}],"about":[{"href":"https:\/\/www.optlink.net\/de\/wp-json\/wp\/v2\/types\/page"}],"author":[{"embeddable":true,"href":"https:\/\/www.optlink.net\/de\/wp-json\/wp\/v2\/users\/2"}],"replies":[{"embeddable":true,"href":"https:\/\/www.optlink.net\/de\/wp-json\/wp\/v2\/comments?post=1551"}],"version-history":[{"count":8,"href":"https:\/\/www.optlink.net\/de\/wp-json\/wp\/v2\/pages\/1551\/revisions"}],"predecessor-version":[{"id":1737,"href":"https:\/\/www.optlink.net\/de\/wp-json\/wp\/v2\/pages\/1551\/revisions\/1737"}],"wp:attachment":[{"href":"https:\/\/www.optlink.net\/de\/wp-json\/wp\/v2\/media?parent=1551"}],"curies":[{"name":"wp","href":"https:\/\/api.w.org\/{rel}","templated":true}]}}