{"id":1054,"date":"2014-10-22T10:58:01","date_gmt":"2014-10-22T10:58:01","guid":{"rendered":"http:\/\/www.optlink.net\/?page_id=1054"},"modified":"2016-04-10T17:49:42","modified_gmt":"2016-04-10T17:49:42","slug":"o-nas","status":"publish","type":"page","link":"https:\/\/www.optlink.net\/pl\/o-nas\/","title":{"rendered":"O nas"},"content":{"rendered":"<section class=\"section section-padded \"><div class=\"container-fluid\"><div class=\"section-header\"><h1>O <span class=\"light\">nas<\/span><\/h1><\/div><div class=\"row-fluid\">\n<div class=\"row-fluid\"><div class=\"span6\">\n<h3><strong>Profil dzia\u0142alno\u015bci<\/strong><\/h3>\n<h3><\/h3>\n<p>&nbsp;<\/p>\n<p>Dostarczamy najbardziej zaawansowane rozwi\u0105zania, dla najbardziej wymagaj\u0105cych Klient\u00f3w.\u00a0Obs\u0142ugujemy w zakresie us\u0142ug IT dla firm oraz Klient\u00f3w indywidualnych.\u00a0Przywi\u0105zujemy szczeg\u00f3ln\u0105 wag\u0119 do jako\u015bci naszych us\u0142ug oraz satysfakcji ka\u017cdego z naszych klient\u00f3w.<\/p>\n<p>Wsp\u00f3\u0142pracujemy ze specjalistami z r\u00f3\u017cnych dziedzin bran\u017cy informatycznej.\u00a0Dzi\u0119ki temu jeste\u015bmy w stanie utrzyma\u0107 wysoki poziom oraz wachlarz oferowanych przez Nas us\u0142ug.\u00a0Dla naszego teamu bran\u017ca IT nie tylko to nie tylko biznes, to r\u00f3wnie\u017c Nasza pasja oraz hobby.\u00a0\u00a0Nie ma dla nas ogranicze\u0144, a z naszych us\u0142ug skorzystali najwi\u0119ksi.<\/p>\n<hr \/>\n<\/div><div class=\"span6\">\n<h3>Nasz Team<\/h3>\n<p>&nbsp;<\/p>\n<p>Wysokie kompetencje \u00a0i kultura osobista personelu naszego teamu, to gwarancja sukcesu realizowanych projekt\u00f3w. Wzajemny szacunek i lojalno\u015b\u0107 wsp\u00f3\u0142pracownik\u00f3w oraz ich \u015bwiadomy udzia\u0142 w rozwoju firmy, to cechy buduj\u0105ce prawdziwy Dream Team, dzi\u0119ki, kt\u00f3remu realizujemy rzeczy niemo\u017cliwe od r\u0119ki.<\/p>\n<p>Dzi\u0119ki nam otrzymasz znakomit\u0105 jako\u015b\u0107 us\u0142ug w ca\u0142ym cyklu wsp\u00f3\u0142pracy. Nie spoczywamy na laurach, gwarantujemy Tobie i Twojej firmie ci\u0105g\u0142y rozw\u00f3j oferty dostosowany do Twoich potrzeb. A to wszystko dzi\u0119ki naszej otwarto\u015bci i \u017cyczliwo\u015bci dla Klient\u00f3w, stosowaniu uznanych i sprawdzonych technologii, a tak\u017ce respektowanie zalece\u0144 producent\u00f3w i wymaganych norm.<\/p>\n<hr \/>\n<\/div><\/div>\n<\/div><\/div><\/section>\n<p>&nbsp;<\/p>\n","protected":false},"excerpt":{"rendered":"<p>&nbsp;<\/p>\n","protected":false},"author":2,"featured_media":0,"parent":0,"menu_order":0,"comment_status":"open","ping_status":"closed","template":"template-full-nopad.php","meta":{"footnotes":""},"class_list":["post-1054","page","type-page","status-publish","hentry"],"_links":{"self":[{"href":"https:\/\/www.optlink.net\/pl\/wp-json\/wp\/v2\/pages\/1054","targetHints":{"allow":["GET"]}}],"collection":[{"href":"https:\/\/www.optlink.net\/pl\/wp-json\/wp\/v2\/pages"}],"about":[{"href":"https:\/\/www.optlink.net\/pl\/wp-json\/wp\/v2\/types\/page"}],"author":[{"embeddable":true,"href":"https:\/\/www.optlink.net\/pl\/wp-json\/wp\/v2\/users\/2"}],"replies":[{"embeddable":true,"href":"https:\/\/www.optlink.net\/pl\/wp-json\/wp\/v2\/comments?post=1054"}],"version-history":[{"count":49,"href":"https:\/\/www.optlink.net\/pl\/wp-json\/wp\/v2\/pages\/1054\/revisions"}],"predecessor-version":[{"id":1060,"href":"https:\/\/www.optlink.net\/pl\/wp-json\/wp\/v2\/pages\/1054\/revisions\/1060"}],"wp:attachment":[{"href":"https:\/\/www.optlink.net\/pl\/wp-json\/wp\/v2\/media?parent=1054"}],"curies":[{"name":"wp","href":"https:\/\/api.w.org\/{rel}","templated":true}]}}