{"id":1068,"date":"2013-03-26T13:53:50","date_gmt":"2013-03-26T13:53:50","guid":{"rendered":"http:\/\/www.optlink.net\/contact-2\/"},"modified":"2018-04-24T19:42:21","modified_gmt":"2018-04-24T19:42:21","slug":"kontakt","status":"publish","type":"page","link":"https:\/\/www.optlink.net\/pl\/kontakt\/","title":{"rendered":"Kontakt"},"content":{"rendered":"<section class=\"section section-padded \"><div class=\"container-fluid\"><div class=\"section-header\"><h1>Chcesz <span class=\"light\">porozmawia\u0107?<\/span><\/h1><\/div><div class=\"row-fluid\">\n<p class=\"lead text-center\">Jeste\u015b zainteresowany wsp\u00f3\u0142praca z Nami ? Chcia\u0142by\u015b si\u0119 spotka\u0107 i porozmawia\u0107 o projekcie ? Masz pomys\u0142 kt\u00f3ry wymaga szybkiej i fachowej realizacji ? Zadzwo\u0144 do Nas. Pomo\u017cemy wybra\u0107 Ci, najlepsze rowi\u0105zanie do Twoich potrzeb.<\/p><\/div><\/div><\/section>\n<section class=\"section section-padded \"><div class=\"container-fluid\"><div class=\"row-fluid\"><div class=\"span6\"><div role=\"form\" class=\"wpcf7\" id=\"wpcf7-f1417-o1\" lang=\"pl-PL\" dir=\"ltr\">\n<div class=\"screen-reader-response\"><p role=\"status\" aria-live=\"polite\" aria-atomic=\"true\"><\/p> <ul><\/ul><\/div>\n<form action=\"\/pl\/wp-json\/wp\/v2\/pages\/1068#wpcf7-f1417-o1\" method=\"post\" class=\"wpcf7-form init\" novalidate=\"novalidate\" data-status=\"init\">\n<div style=\"display: none;\">\n<input type=\"hidden\" name=\"_wpcf7\" value=\"1417\" \/>\n<input type=\"hidden\" name=\"_wpcf7_version\" value=\"5.5.4\" \/>\n<input type=\"hidden\" name=\"_wpcf7_locale\" value=\"pl_PL\" \/>\n<input type=\"hidden\" name=\"_wpcf7_unit_tag\" value=\"wpcf7-f1417-o1\" \/>\n<input type=\"hidden\" name=\"_wpcf7_container_post\" value=\"0\" \/>\n<input type=\"hidden\" name=\"_wpcf7_posted_data_hash\" value=\"\" \/>\n<input type=\"hidden\" name=\"_wpcf7_recaptcha_response\" value=\"\" \/>\n<\/div>\n<div class=\"row-fluid\">\n<div class=\"contact-form span12\" id=\"contactForm\" novalidate=\"\">\n<div class=\"controls controls-row\">\n<div class=\"control-group span6\">\n                <span class=\"wpcf7-form-control-wrap your-name\"><input type=\"text\" name=\"your-name\" value=\"\" size=\"40\" class=\"wpcf7-form-control wpcf7-text span12\" aria-invalid=\"false\" placeholder=\"Twoje dane (imie, nazwisko)\" \/><\/span>\n            <\/div>\n<div class=\"control-group span6\">\n               <span class=\"wpcf7-form-control-wrap your-email\"><input type=\"email\" name=\"your-email\" value=\"\" size=\"40\" class=\"wpcf7-form-control wpcf7-text wpcf7-email wpcf7-validates-as-required wpcf7-validates-as-email span12\" aria-required=\"true\" aria-invalid=\"false\" placeholder=\"Tw\u00f3j email\" \/><\/span>\n            <\/div>\n<\/div>\n<div class=\"controls controls-row\">\n<div class=\"control-group span12\">\n                <span class=\"wpcf7-form-control-wrap your-subject\"><input type=\"text\" name=\"your-subject\" value=\"\" size=\"40\" class=\"wpcf7-form-control wpcf7-text span12\" aria-invalid=\"false\" placeholder=\"temat\" \/><\/span>\n            <\/div>\n<\/div>\n<div class=\"controls controls-row\">\n<div class=\"control-group span12\">\n                <span class=\"wpcf7-form-control-wrap your-message\"><textarea name=\"your-message\" cols=\"40\" rows=\"5\" class=\"wpcf7-form-control wpcf7-textarea wpcf7-validates-as-required span12\" aria-required=\"true\" aria-invalid=\"false\" placeholder=\"Chcia\u0142bym porozmawia\u0107 o.....\"><\/textarea><\/span>\n            <\/div>\n<\/div>\n<div class=\"controls controls-row\">\n<div class=\"control-group span12\">\n<p>                <input type=\"submit\" value=\"Wy\u015blij wiadomo\u015b\u0107\" class=\"wpcf7-form-control has-spinner wpcf7-submit btn btn-primary\" \/>\n            <\/p><\/div>\n<\/div>\n<div class=\"wpcf7-response-output\" aria-hidden=\"true\"><\/div>\n<\/div>\n<\/div>\n<\/form><\/div><\/div><div class=\"span6\">\n<div class=\"contact-details\">\n<ul class=\"icons\">\n<li>\n<h4><i class=\"icon-phone\"><\/i>Kontakt<\/h4>\n<p>Phone: +48 694 788 888<br \/>\nEmail: info@optlink.pl<\/li>\n<\/ul>\n<\/div>\n<\/div><\/div><\/div><\/section><section class=\"section section-padded section-alt \"><div class=\"container-fluid\"><div class=\"section-header\"><h1>Potrzebujesz  <span class=\"light\">wycen\u0119?<\/span><\/h1><\/div><div class=\"row-fluid\"><p class=\"lead text-center\">Potrzebujesz wycen\u0119 dla Twojego nowego projektu ? Napisz do Nas. Przeprowadzimy analiz\u0119 Twojego projektu, zaproponujemy, i pomo\u017cemy Ci w wyborze najlepszej technologii.<\/p><p class=\"lead text-center\"><a href=\"\" class=\"btn btn-primary btn-large \" target=\"_self\"><i class=\"icon-heart\"><\/i> Potrzebuj\u0119 wycen\u0119<\/a><\/p><\/div><\/div><\/section>\n","protected":false},"excerpt":{"rendered":"","protected":false},"author":2,"featured_media":0,"parent":0,"menu_order":0,"comment_status":"open","ping_status":"closed","template":"template-full-nopad.php","meta":{"footnotes":""},"class_list":["post-1068","page","type-page","status-publish","hentry"],"_links":{"self":[{"href":"https:\/\/www.optlink.net\/pl\/wp-json\/wp\/v2\/pages\/1068","targetHints":{"allow":["GET"]}}],"collection":[{"href":"https:\/\/www.optlink.net\/pl\/wp-json\/wp\/v2\/pages"}],"about":[{"href":"https:\/\/www.optlink.net\/pl\/wp-json\/wp\/v2\/types\/page"}],"author":[{"embeddable":true,"href":"https:\/\/www.optlink.net\/pl\/wp-json\/wp\/v2\/users\/2"}],"replies":[{"embeddable":true,"href":"https:\/\/www.optlink.net\/pl\/wp-json\/wp\/v2\/comments?post=1068"}],"version-history":[{"count":41,"href":"https:\/\/www.optlink.net\/pl\/wp-json\/wp\/v2\/pages\/1068\/revisions"}],"predecessor-version":[{"id":1727,"href":"https:\/\/www.optlink.net\/pl\/wp-json\/wp\/v2\/pages\/1068\/revisions\/1727"}],"wp:attachment":[{"href":"https:\/\/www.optlink.net\/pl\/wp-json\/wp\/v2\/media?parent=1068"}],"curies":[{"name":"wp","href":"https:\/\/api.w.org\/{rel}","templated":true}]}}