{"id":911,"date":"2014-10-21T21:41:04","date_gmt":"2014-10-21T21:41:04","guid":{"rendered":"http:\/\/www.optlink.net\/?page_id=911"},"modified":"2018-04-24T21:18:39","modified_gmt":"2018-04-24T21:18:39","slug":"uslugi","status":"publish","type":"page","link":"https:\/\/www.optlink.net\/pl\/uslugi\/","title":{"rendered":"Us\u0142ugi"},"content":{"rendered":"<section class=\"section section-padded section-alt \"><div class=\"container-fluid\"><div class=\"section-header\"><h1>Co robimy <span class=\"light\">najlepiej?<\/span><\/h1><\/div><div class=\"row-fluid\">\n<div class=\"row-fluid\"><div class=\"span6\">\n<section class=\"section section-padded \"><div class=\"container-fluid\"><div class=\"row-fluid\"><ul class=\"unstyled row-fluid\"><li class=\"span3\"><div class=\"round-box round-medium \"><span class=\"box-inner\"><img loading=\"lazy\" decoding=\"async\" width=\"300\" height=\"300\" src=\"https:\/\/www.optlink.net\/wp-content\/uploads\/2015\/03\/domain_moving_icon-300x300.jpg\" class=\"img-circle wp-post-image\" alt=\"Us\u0142ugi\" srcset=\"https:\/\/www.optlink.net\/wp-content\/uploads\/2015\/03\/domain_moving_icon-300x300.jpg 300w, https:\/\/www.optlink.net\/wp-content\/uploads\/2015\/03\/domain_moving_icon-150x150.jpg 150w\" sizes=\"auto, (max-width: 300px) 100vw, 300px\" \/><\/span><\/div><h3 class=\"text-center\">Domeny<\/h3><p><\/p><\/li><li class=\"span3\"><div class=\"round-box round-medium \"><span class=\"box-inner\"><img loading=\"lazy\" decoding=\"async\" width=\"300\" height=\"300\" src=\"https:\/\/www.optlink.net\/wp-content\/uploads\/2016\/03\/hosting-icon-300x300.jpg\" class=\"img-circle wp-post-image\" alt=\"Us\u0142ugi\" srcset=\"https:\/\/www.optlink.net\/wp-content\/uploads\/2016\/03\/hosting-icon-300x300.jpg 300w, https:\/\/www.optlink.net\/wp-content\/uploads\/2016\/03\/hosting-icon-150x150.jpg 150w\" sizes=\"auto, (max-width: 300px) 100vw, 300px\" \/><\/span><\/div><h3 class=\"text-center\">Hosting<\/h3><p><\/p><\/li><li class=\"span3\"><div class=\"round-box round-medium \"><span class=\"box-inner\"><img loading=\"lazy\" decoding=\"async\" width=\"300\" height=\"300\" src=\"https:\/\/www.optlink.net\/wp-content\/uploads\/2016\/03\/envelope-icon-300x300.png\" class=\"img-circle wp-post-image\" alt=\"Us\u0142ugi\" srcset=\"https:\/\/www.optlink.net\/wp-content\/uploads\/2016\/03\/envelope-icon-300x300.png 300w, https:\/\/www.optlink.net\/wp-content\/uploads\/2016\/03\/envelope-icon-150x150.png 150w, https:\/\/www.optlink.net\/wp-content\/uploads\/2016\/03\/envelope-icon-768x768.png 768w, https:\/\/www.optlink.net\/wp-content\/uploads\/2016\/03\/envelope-icon.png 1024w\" sizes=\"auto, (max-width: 300px) 100vw, 300px\" \/><\/span><\/div><h3 class=\"text-center\">Poczta<\/h3><p><\/p><\/li><li class=\"span3\"><div class=\"round-box round-medium \"><span class=\"box-inner\"><img loading=\"lazy\" decoding=\"async\" width=\"300\" height=\"300\" src=\"https:\/\/www.optlink.net\/wp-content\/uploads\/2014\/10\/www-design1-300x300.png\" class=\"img-circle wp-post-image\" alt=\"Us\u0142ugi\" srcset=\"https:\/\/www.optlink.net\/wp-content\/uploads\/2014\/10\/www-design1-300x300.png 300w, https:\/\/www.optlink.net\/wp-content\/uploads\/2014\/10\/www-design1-150x150.png 150w, https:\/\/www.optlink.net\/wp-content\/uploads\/2014\/10\/www-design1.png 512w\" sizes=\"auto, (max-width: 300px) 100vw, 300px\" \/><\/span><\/div><h3 class=\"text-center\">Serwisy WWW<\/h3><p><\/p><\/li><\/ul><\/div><\/div><\/section>\n<\/div>\n<div class=\"span6\">\n<section class=\"section section-padded \"><div class=\"container-fluid\"><div class=\"row-fluid\"><ul class=\"unstyled row-fluid\"><li class=\"span3\"><div class=\"round-box round-medium \"><span class=\"box-inner\"><img loading=\"lazy\" decoding=\"async\" width=\"300\" height=\"300\" src=\"https:\/\/www.optlink.net\/wp-content\/uploads\/2016\/03\/vps_server-300x300.png\" class=\"img-circle wp-post-image\" alt=\"Us\u0142ugi\" srcset=\"https:\/\/www.optlink.net\/wp-content\/uploads\/2016\/03\/vps_server-300x300.png 300w, https:\/\/www.optlink.net\/wp-content\/uploads\/2016\/03\/vps_server-150x150.png 150w\" sizes=\"auto, (max-width: 300px) 100vw, 300px\" \/><\/span><\/div><h3 class=\"text-center\">Serwery VPS<\/h3><p><\/p><\/li><li class=\"span3\"><div class=\"round-box round-medium \"><span class=\"box-inner\"><img loading=\"lazy\" decoding=\"async\" width=\"256\" height=\"256\" src=\"https:\/\/www.optlink.net\/wp-content\/uploads\/2016\/03\/hosting.png\" class=\"img-circle wp-post-image\" alt=\"Us\u0142ugi\" srcset=\"https:\/\/www.optlink.net\/wp-content\/uploads\/2016\/03\/hosting.png 256w, https:\/\/www.optlink.net\/wp-content\/uploads\/2016\/03\/hosting-150x150.png 150w\" sizes=\"auto, (max-width: 256px) 100vw, 256px\" \/><\/span><\/div><h3 class=\"text-center\">Serwery Dedykowane<\/h3><p><\/p><\/li><\/ul><\/div><\/div><\/section>\n<\/div>\n<\/div>\n<hr>\n<div class=\"row-fluid\"><div class=\"span6\">\n<section class=\"section section-padded \"><div class=\"container-fluid\"><div class=\"row-fluid\"><ul class=\"unstyled row-fluid\"><li class=\"span3\"><div class=\"round-box round-medium \"><span class=\"box-inner\"><img loading=\"lazy\" decoding=\"async\" width=\"128\" height=\"128\" src=\"https:\/\/www.optlink.net\/wp-content\/uploads\/2016\/03\/aws1.png\" class=\"img-circle wp-post-image\" alt=\"Us\u0142ugi\" \/><\/span><\/div><h3 class=\"text-center\">AWS<\/h3><p><\/p><\/li><li class=\"span3\"><div class=\"round-box round-medium \"><span class=\"box-inner\"><img loading=\"lazy\" decoding=\"async\" width=\"300\" height=\"300\" src=\"https:\/\/www.optlink.net\/wp-content\/uploads\/2013\/03\/cloud-300x300.jpg\" class=\"img-circle wp-post-image\" alt=\"Us\u0142ugi\" srcset=\"https:\/\/www.optlink.net\/wp-content\/uploads\/2013\/03\/cloud-300x300.jpg 300w, https:\/\/www.optlink.net\/wp-content\/uploads\/2013\/03\/cloud-150x150.jpg 150w\" sizes=\"auto, (max-width: 300px) 100vw, 300px\" \/><\/span><\/div><h3 class=\"text-center\">Cloud Hosting<\/h3><p><\/p><\/li><\/ul><\/div><\/div><\/section>\n<\/div>\n<div class=\"span6\">\n<section class=\"section section-padded \"><div class=\"container-fluid\"><div class=\"row-fluid\"><ul class=\"unstyled row-fluid\"><li class=\"span3\"><div class=\"round-box round-medium \"><span class=\"box-inner\"><img loading=\"lazy\" decoding=\"async\" width=\"128\" height=\"128\" src=\"https:\/\/www.optlink.net\/wp-content\/uploads\/2016\/03\/ssl.png\" class=\"img-circle wp-post-image\" alt=\"Us\u0142ugi\" \/><\/span><\/div><h3 class=\"text-center\">SSL<\/h3><p><\/p><\/li><li class=\"span3\"><div class=\"round-box round-medium \"><span class=\"box-inner\"><img loading=\"lazy\" decoding=\"async\" width=\"128\" height=\"128\" src=\"https:\/\/www.optlink.net\/wp-content\/uploads\/2016\/03\/cybersec.png\" class=\"img-circle wp-post-image\" alt=\"Us\u0142ugi\" \/><\/span><\/div><h3 class=\"text-center\">CyberSecurity<\/h3><p><\/p><\/li><li class=\"span3\"><div class=\"round-box round-medium \"><span class=\"box-inner\"><img loading=\"lazy\" decoding=\"async\" width=\"128\" height=\"128\" src=\"https:\/\/www.optlink.net\/wp-content\/uploads\/2014\/10\/vpn-icon1.png\" class=\"img-circle wp-post-image\" alt=\"Us\u0142ugi\" \/><\/span><\/div><h3 class=\"text-center\">VPN<\/h3><p><p><!--\nWychodz\u0105c na przeciw globalnym rozwi\u0105zaniom klient\u00f3w,\nproponujemy zaawansowane rozwi\u0105zania VPN.\n\n\n<\/p>\n<\/p><\/li><\/ul><\/div><\/div><\/section>\n<\/div>\n<\/div>\n<hr>\n<\/div><\/div><\/section>\n<section class=\"section section-padded section-alt \"><div class=\"container-fluid\"><div class=\"section-header\"><h1>Ulubione <span class=\"light\">Technologie<\/span><\/h1><\/div><div class=\"row-fluid\">\n<div id=\"flexslider-68\" class=\"flexslider flex-directions-fancy\" data-flex-itemwidth=400px data-flex-animation=\"slide\" data-flex-controlsalign=\"center\" data-flex-controlsposition=\"inside\" data-flex-directions=\"show\" data-flex-speed=\"7000\" data-flex-directions-position=\"outside\" data-flex-controls=\"hide\" data-flex-slideshow=\"true\" data-flex-duration=\"600\"><ul class=\"slides\"><li><div class=\"super-hero-unit\"><figure><img loading=\"lazy\" decoding=\"async\" width=\"280\" height=\"84\" src=\"https:\/\/www.optlink.net\/wp-content\/uploads\/2015\/03\/freenas-small.png\" class=\"attachment-full size-full wp-post-image\" alt=\"\" \/><\/figure><\/div><\/li><li><div class=\"super-hero-unit\"><figure><img loading=\"lazy\" decoding=\"async\" width=\"330\" height=\"96\" src=\"https:\/\/www.optlink.net\/wp-content\/uploads\/2015\/03\/puppet-bw.png\" class=\"attachment-full size-full wp-post-image\" alt=\"\" srcset=\"https:\/\/www.optlink.net\/wp-content\/uploads\/2015\/03\/puppet-bw.png 330w, https:\/\/www.optlink.net\/wp-content\/uploads\/2015\/03\/puppet-bw-300x87.png 300w\" sizes=\"auto, (max-width: 330px) 100vw, 330px\" \/><\/figure><\/div><\/li><li><div class=\"super-hero-unit\"><figure><img loading=\"lazy\" decoding=\"async\" width=\"340\" height=\"100\" src=\"https:\/\/www.optlink.net\/wp-content\/uploads\/2015\/03\/juniper-small.png\" class=\"attachment-full size-full wp-post-image\" alt=\"\" srcset=\"https:\/\/www.optlink.net\/wp-content\/uploads\/2015\/03\/juniper-small.png 340w, https:\/\/www.optlink.net\/wp-content\/uploads\/2015\/03\/juniper-small-300x88.png 300w\" sizes=\"auto, (max-width: 340px) 100vw, 340px\" \/><\/figure><\/div><\/li><li><div class=\"super-hero-unit\"><figure><img loading=\"lazy\" decoding=\"async\" width=\"225\" height=\"90\" src=\"https:\/\/www.optlink.net\/wp-content\/uploads\/2015\/03\/gitlab-bw.png\" class=\"attachment-full size-full wp-post-image\" alt=\"\" \/><\/figure><\/div><\/li><li><div class=\"super-hero-unit\"><figure><img loading=\"lazy\" decoding=\"async\" width=\"580\" height=\"120\" src=\"https:\/\/www.optlink.net\/wp-content\/uploads\/2015\/03\/vmware-small.png\" class=\"attachment-full size-full wp-post-image\" alt=\"\" srcset=\"https:\/\/www.optlink.net\/wp-content\/uploads\/2015\/03\/vmware-small.png 580w, https:\/\/www.optlink.net\/wp-content\/uploads\/2015\/03\/vmware-small-300x62.png 300w\" sizes=\"auto, (max-width: 580px) 100vw, 580px\" \/><\/figure><\/div><\/li><li><div class=\"super-hero-unit\"><figure><img loading=\"lazy\" decoding=\"async\" width=\"310\" height=\"96\" src=\"https:\/\/www.optlink.net\/wp-content\/uploads\/2015\/03\/jenkins-bw.png\" class=\"attachment-full size-full wp-post-image\" alt=\"\" srcset=\"https:\/\/www.optlink.net\/wp-content\/uploads\/2015\/03\/jenkins-bw.png 310w, https:\/\/www.optlink.net\/wp-content\/uploads\/2015\/03\/jenkins-bw-300x93.png 300w\" sizes=\"auto, (max-width: 310px) 100vw, 310px\" \/><\/figure><\/div><\/li><li><div class=\"super-hero-unit\"><figure><img loading=\"lazy\" decoding=\"async\" width=\"300\" height=\"90\" src=\"https:\/\/www.optlink.net\/wp-content\/uploads\/2015\/03\/redhat-bw.png\" class=\"attachment-full size-full wp-post-image\" alt=\"\" \/><\/figure><\/div><\/li><\/ul><\/div>\n<\/div><\/div><\/section>\n","protected":false},"excerpt":{"rendered":"","protected":false},"author":2,"featured_media":0,"parent":0,"menu_order":0,"comment_status":"open","ping_status":"closed","template":"template-full-nopad.php","meta":{"footnotes":""},"class_list":["post-911","page","type-page","status-publish","hentry"],"_links":{"self":[{"href":"https:\/\/www.optlink.net\/pl\/wp-json\/wp\/v2\/pages\/911","targetHints":{"allow":["GET"]}}],"collection":[{"href":"https:\/\/www.optlink.net\/pl\/wp-json\/wp\/v2\/pages"}],"about":[{"href":"https:\/\/www.optlink.net\/pl\/wp-json\/wp\/v2\/types\/page"}],"author":[{"embeddable":true,"href":"https:\/\/www.optlink.net\/pl\/wp-json\/wp\/v2\/users\/2"}],"replies":[{"embeddable":true,"href":"https:\/\/www.optlink.net\/pl\/wp-json\/wp\/v2\/comments?post=911"}],"version-history":[{"count":92,"href":"https:\/\/www.optlink.net\/pl\/wp-json\/wp\/v2\/pages\/911\/revisions"}],"predecessor-version":[{"id":1760,"href":"https:\/\/www.optlink.net\/pl\/wp-json\/wp\/v2\/pages\/911\/revisions\/1760"}],"wp:attachment":[{"href":"https:\/\/www.optlink.net\/pl\/wp-json\/wp\/v2\/media?parent=911"}],"curies":[{"name":"wp","href":"https:\/\/api.w.org\/{rel}","templated":true}]}}